{"id":174,"date":"2020-01-02T14:23:38","date_gmt":"2020-01-02T14:23:38","guid":{"rendered":"https:\/\/demos.kadencewp.com\/blocks-store\/product\/import-placeholder-for-83\/"},"modified":"2024-06-28T20:43:51","modified_gmt":"2024-06-28T18:43:51","slug":"t-shirt-with-logo","status":"publish","type":"product","link":"https:\/\/meli-access.com\/index.php\/product\/t-shirt-with-logo\/","title":{"rendered":"Vide poche Oc\u00e9an"},"content":{"rendered":"<p>Un vide-poche oc\u00e9an compos\u00e9 de sables et de coquillages de Guadeloupe, id\u00e9al pour y d\u00e9poser des petits objets (ex : de la monnaie, des bijoux etc.).<\/p>\n","protected":false},"excerpt":{"rendered":"<p>This is a simple product.<\/p>\n","protected":false},"featured_media":728,"comment_status":"open","ping_status":"closed","template":"","meta":{"_monsterinsights_skip_tracking":false,"_monsterinsights_sitenote_active":false,"_monsterinsights_sitenote_note":"","_monsterinsights_sitenote_category":0,"_kadence_starter_templates_imported_post":true,"_kad_post_transparent":"default","_kad_post_title":"","_kad_post_layout":"default","_kad_post_sidebar_id":"","_kad_post_content_style":"default","_kad_post_vertical_padding":"default","_kad_post_feature":"","_kad_post_feature_position":"","_kad_post_header":false,"_kad_post_footer":false},"product_brand":[],"product_cat":[15],"product_tag":[],"class_list":{"0":"post-174","1":"product","2":"type-product","3":"status-publish","4":"has-post-thumbnail","6":"product_cat-uncategorized","8":"first","9":"instock","10":"sold-individually","11":"purchasable","12":"product-type-simple","13":"entry","14":"content-bg","15":"loop-entry"},"_links":{"self":[{"href":"https:\/\/meli-access.com\/index.php\/wp-json\/wp\/v2\/product\/174","targetHints":{"allow":["GET"]}}],"collection":[{"href":"https:\/\/meli-access.com\/index.php\/wp-json\/wp\/v2\/product"}],"about":[{"href":"https:\/\/meli-access.com\/index.php\/wp-json\/wp\/v2\/types\/product"}],"replies":[{"embeddable":true,"href":"https:\/\/meli-access.com\/index.php\/wp-json\/wp\/v2\/comments?post=174"}],"wp:featuredmedia":[{"embeddable":true,"href":"https:\/\/meli-access.com\/index.php\/wp-json\/wp\/v2\/media\/728"}],"wp:attachment":[{"href":"https:\/\/meli-access.com\/index.php\/wp-json\/wp\/v2\/media?parent=174"}],"wp:term":[{"taxonomy":"product_brand","embeddable":true,"href":"https:\/\/meli-access.com\/index.php\/wp-json\/wp\/v2\/product_brand?post=174"},{"taxonomy":"product_cat","embeddable":true,"href":"https:\/\/meli-access.com\/index.php\/wp-json\/wp\/v2\/product_cat?post=174"},{"taxonomy":"product_tag","embeddable":true,"href":"https:\/\/meli-access.com\/index.php\/wp-json\/wp\/v2\/product_tag?post=174"}],"curies":[{"name":"wp","href":"https:\/\/api.w.org\/{rel}","templated":true}]}}