{"id":1088,"date":"2024-06-28T01:37:21","date_gmt":"2024-06-27T23:37:21","guid":{"rendered":"https:\/\/meli-access.com\/?post_type=product&#038;p=1088"},"modified":"2025-06-27T21:10:06","modified_gmt":"2025-06-27T19:10:06","slug":"boucle-doreille-vert-sapin-paillete","status":"publish","type":"product","link":"https:\/\/meli-access.com\/index.php\/product\/boucle-doreille-vert-sapin-paillete\/","title":{"rendered":"Boucle d&rsquo;oreille vert sapin paillet\u00e9"},"content":{"rendered":"<p>Forme de c\u0153ur appr\u00eat en acier inoxydable<\/p>\n","protected":false},"excerpt":{"rendered":"<p>Forme de c\u0153ur appr\u00eat en acier inoxydable<\/p>\n","protected":false},"featured_media":1078,"comment_status":"open","ping_status":"closed","template":"","meta":{"_monsterinsights_skip_tracking":false,"_monsterinsights_sitenote_active":false,"_monsterinsights_sitenote_note":"","_monsterinsights_sitenote_category":0,"_kadence_starter_templates_imported_post":false,"_kad_post_transparent":"default","_kad_post_title":"","_kad_post_layout":"default","_kad_post_sidebar_id":"","_kad_post_content_style":"default","_kad_post_vertical_padding":"default","_kad_post_feature":"","_kad_post_feature_position":"","_kad_post_header":false,"_kad_post_footer":false},"product_brand":[],"product_cat":[45,48,61],"product_tag":[],"class_list":{"0":"post-1088","1":"product","2":"type-product","3":"status-publish","4":"has-post-thumbnail","6":"product_cat-bijoux","7":"product_cat-boucles-oreilles","8":"product_cat-promo","10":"first","11":"instock","12":"sale","13":"sold-individually","14":"purchasable","15":"product-type-simple","16":"entry","17":"content-bg","18":"loop-entry"},"_links":{"self":[{"href":"https:\/\/meli-access.com\/index.php\/wp-json\/wp\/v2\/product\/1088","targetHints":{"allow":["GET"]}}],"collection":[{"href":"https:\/\/meli-access.com\/index.php\/wp-json\/wp\/v2\/product"}],"about":[{"href":"https:\/\/meli-access.com\/index.php\/wp-json\/wp\/v2\/types\/product"}],"replies":[{"embeddable":true,"href":"https:\/\/meli-access.com\/index.php\/wp-json\/wp\/v2\/comments?post=1088"}],"wp:featuredmedia":[{"embeddable":true,"href":"https:\/\/meli-access.com\/index.php\/wp-json\/wp\/v2\/media\/1078"}],"wp:attachment":[{"href":"https:\/\/meli-access.com\/index.php\/wp-json\/wp\/v2\/media?parent=1088"}],"wp:term":[{"taxonomy":"product_brand","embeddable":true,"href":"https:\/\/meli-access.com\/index.php\/wp-json\/wp\/v2\/product_brand?post=1088"},{"taxonomy":"product_cat","embeddable":true,"href":"https:\/\/meli-access.com\/index.php\/wp-json\/wp\/v2\/product_cat?post=1088"},{"taxonomy":"product_tag","embeddable":true,"href":"https:\/\/meli-access.com\/index.php\/wp-json\/wp\/v2\/product_tag?post=1088"}],"curies":[{"name":"wp","href":"https:\/\/api.w.org\/{rel}","templated":true}]}}