{"id":812,"date":"2024-01-19T09:56:37","date_gmt":"2024-01-19T08:56:37","guid":{"rendered":"https:\/\/meli-access.com\/?page_id=812"},"modified":"2024-01-19T12:08:32","modified_gmt":"2024-01-19T11:08:32","slug":"conditions-generales-de-vente","status":"publish","type":"page","link":"https:\/\/meli-access.com\/index.php\/conditions-generales-de-vente\/","title":{"rendered":"Conditions g\u00e9n\u00e9rales de vente"},"content":{"rendered":"<style>.kb-row-layout-id812_dcd32d-8a > .kt-row-column-wrap{align-content:start;}:where(.kb-row-layout-id812_dcd32d-8a > .kt-row-column-wrap) > .wp-block-kadence-column{justify-content:start;}.kb-row-layout-id812_dcd32d-8a > .kt-row-column-wrap{column-gap:var(--global-kb-gap-md, 2rem);row-gap:var(--global-kb-gap-md, 2rem);padding-top:var(--global-kb-spacing-sm, 1.5rem);padding-bottom:var(--global-kb-spacing-sm, 1.5rem);grid-template-columns:minmax(0, 1fr);}.kb-row-layout-id812_dcd32d-8a > .kt-row-layout-overlay{opacity:0.30;}@media all and (max-width: 1024px){.kb-row-layout-id812_dcd32d-8a > .kt-row-column-wrap{grid-template-columns:minmax(0, 1fr);}}@media all and (max-width: 767px){.kb-row-layout-id812_dcd32d-8a > .kt-row-column-wrap{grid-template-columns:minmax(0, 1fr);}}<\/style><div class=\"kb-row-layout-wrap kb-row-layout-id812_dcd32d-8a alignnone wp-block-kadence-rowlayout\"><div class=\"kt-row-column-wrap kt-has-1-columns kt-row-layout-equal kt-tab-layout-inherit kt-mobile-layout-row kt-row-valign-top\">\n<style>.kadence-column812_b03f7f-3d > .kt-inside-inner-col,.kadence-column812_b03f7f-3d > .kt-inside-inner-col:before{border-top-left-radius:0px;border-top-right-radius:0px;border-bottom-right-radius:0px;border-bottom-left-radius:0px;}.kadence-column812_b03f7f-3d > .kt-inside-inner-col{column-gap:var(--global-kb-gap-sm, 1rem);}.kadence-column812_b03f7f-3d > .kt-inside-inner-col{flex-direction:column;}.kadence-column812_b03f7f-3d > .kt-inside-inner-col > .aligncenter{width:100%;}.kadence-column812_b03f7f-3d > .kt-inside-inner-col:before{opacity:0.3;}.kadence-column812_b03f7f-3d{position:relative;}@media all and (max-width: 1024px){.kadence-column812_b03f7f-3d > .kt-inside-inner-col{flex-direction:column;justify-content:center;}}@media all and (max-width: 767px){.kadence-column812_b03f7f-3d > .kt-inside-inner-col{flex-direction:column;justify-content:center;}}<\/style>\n<div class=\"wp-block-kadence-column kadence-column812_b03f7f-3d\"><div class=\"kt-inside-inner-col\">\n<h2 class=\"wp-block-heading has-text-align-center\">Conditions g\u00e9n\u00e9rales de vente<\/h2>\n<\/div><\/div>\n\n<\/div><\/div>\n\n\n<p><strong>Le vendeur<\/strong><br>MELIACCESS<br>T\u00e9l\u00e9phone : 0690 86 05 17<br>Email : meliaccess.resine@gmail.com<br>Le client d\u00e9clare avoir pris connaissance des dispositions suivantes et de les accepter avant de passer sa commande.<\/p>\n\n\n\n<p><br><strong>Les produits<\/strong><br>Les descriptions et photographies des produits vendus en boutique et sur le site sont le plus exactes et le plus fid\u00e8les \u00e0 la r\u00e9alit\u00e9 possible.<br>Les articles sont confectionn\u00e9s par la cr\u00e9atrice MELIACCESS, \u00e0 la main, en pi\u00e8ce unique ou en s\u00e9rie.<br>De ce fait, ils peuvent pr\u00e9senter des irr\u00e9gularit\u00e9s ou quelques diff\u00e9rences de tailles, de couleurs, de motifs d\u2019une cr\u00e9ation a une autre.<br>Le client reconna\u00eet ainsi que les photographies, descriptions li\u00e9es aux produits propos\u00e9s \u00e0 la vente sur le site sont indicatifs et non contractuels et n\u2019engage en aucun cas la responsabilit\u00e9 du vendeur MELIACCESS en cas d\u2019erreur.<br>Possibilit\u00e9 de personnalisation.<br>Hygi\u00e8ne et s\u00e9curit\u00e9.<br>Tous bijoux cass\u00e9 peut-\u00eatre r\u00e9parer dans un d\u00e9lai de 8 jours apr\u00e8s l\u2019achat de ce dernier.<\/p>\n\n\n\n<p><br><strong>Tarifs<\/strong><br>Le tarif des articles sont indiqu\u00e9s en euros hors taxes (TVA non applicable \u2013 articles 293 B du CGI) et<br>hors frais de traitement et d\u2019exp\u00e9dition. Ils sont valables uniquement au jour o\u00f9 la commande est<br>valid\u00e9e. Toutes les commandes sont payables en euros.<br>MELIACCESS se r\u00e9serve le droit de modifier ses tarifs \u00e0 tout moment. L\u2019article sera factur\u00e9 sur la base du tarif en vigueur au moment de la validation de la commande, \u00e0 savoir lors de son paiement. Les articles demeurent la propri\u00e9t\u00e9 de MELIACCESS jusqu\u2019au paiement complet du tarif.<\/p>\n\n\n\n<p><strong>Droit de r\u00e9tractation<\/strong><br>L\u2019acheteur, lorsqu\u2019il est consommateur ou non professionnel dispose d\u2019un d\u00e9lai de<br>14 jour franc pour exercer son droit de r\u00e9tractation sans avoir \u00e0 justifier de motif ni \u00e0<br>payer de p\u00e9nalit\u00e9s (\u00e0 l&rsquo;exception des articles personnalis\u00e9s ou &lsquo;sur mesure&rsquo;).<br>Ce d\u00e9lai court \u00e0 compter du jour de la r\u00e9ception de la commande.<br>Les marchandises renvoy\u00e9es doivent l\u2019\u00eatre dans l\u2019\u00e9tat o\u00f9 le vendeur les a faites livrer<br>et dans son emballage d&rsquo;origine.<br>Si les conditions susmentionn\u00e9es sont remplies, l\u2019acheteur sera rembours\u00e9, \u00e0<br>l\u2019exception des frais de retour qui restent \u00e0 la charge de l\u2019acheteur, dans un d\u00e9lai de<br>trente (30) jour maximum \u00e0 compter de la r\u00e9ception du colis par le vendeur.<\/p>\n\n\n\n<p><br><strong>Modalit\u00e9s de Retour<\/strong><br>Les marchandises renvoy\u00e9es doivent l\u2019\u00eatre dans l\u2019\u00e9tat o\u00f9 le fournisseur les a livr\u00e9es<br>et retourn\u00e9es avec un mode d&rsquo;exp\u00e9dition comportant un num\u00e9ro de suivi (preuve du retour). Nous recommandons la lettre suivie qui prot\u00e8ge bien les bijoux et permet de suivre l&rsquo;acheminement du paquet.<\/p>\n\n\n\n<p><br><strong>Livraison<\/strong><br>MELIACCESS fera son possible pour que la commande soit exp\u00e9di\u00e9e dans un d\u00e9lai moyen de 1 \u00e0 7 jours<br>ouvrable \u00e0 compter du jour suivant celui de la validation par le client de sa commande. Les produits sont<br>livr\u00e9s \u00e0 l\u2019adresse indiqu\u00e9e par le client. Ces d\u00e9lais peuvent \u00eatre contrari\u00e9s par diverse raison (grev\u00e9, probl\u00e8me d\u2019exportation, modification douani\u00e8re et autres probl\u00e8mes ext\u00e9rieurs dont nous ne pouvons \u00eatre tenus responsable, ou d\u2019autre probl\u00e8mes technique ind\u00e9pendants de notre volont\u00e9.                                                      Dans le cas d\u2019une rupture de stock.<\/p>\n\n\n\n<p><br><strong>D\u00e9fectuosit\u00e9 d\u2019un article<\/strong><br>Dans le cas o\u00f9 le colis serait endommag\u00e9 \u00e0 la livraison, le Client doit v\u00e9rifier l&rsquo;\u00e9tat des produits ou des bijoux fantaisie de sa commande et signaler aupr\u00e8s de l&rsquo;achemineur (la Poste ou autre) toute r\u00e9serve en cas d&rsquo;article manquant ou endommag\u00e9.<\/p>\n\n\n<style>.kb-row-layout-id812_5ba095-06 > .kt-row-column-wrap{align-content:start;}:where(.kb-row-layout-id812_5ba095-06 > .kt-row-column-wrap) > .wp-block-kadence-column{justify-content:start;}.kb-row-layout-id812_5ba095-06 > .kt-row-column-wrap{column-gap:var(--global-kb-gap-md, 2rem);row-gap:var(--global-kb-gap-md, 2rem);padding-top:var(--global-kb-spacing-sm, 1.5rem);padding-bottom:var(--global-kb-spacing-sm, 1.5rem);grid-template-columns:minmax(0, 1fr);}.kb-row-layout-id812_5ba095-06 > .kt-row-layout-overlay{opacity:0.30;}@media all and (max-width: 1024px){.kb-row-layout-id812_5ba095-06 > .kt-row-column-wrap{grid-template-columns:minmax(0, 1fr);}}@media all and (max-width: 767px){.kb-row-layout-id812_5ba095-06 > .kt-row-column-wrap{grid-template-columns:minmax(0, 1fr);}}<\/style><div class=\"kb-row-layout-wrap kb-row-layout-id812_5ba095-06 alignnone wp-block-kadence-rowlayout\"><div class=\"kt-row-column-wrap kt-has-1-columns kt-row-layout-equal kt-tab-layout-inherit kt-mobile-layout-row kt-row-valign-top\">\n<style>.kadence-column812_21470f-14 > .kt-inside-inner-col,.kadence-column812_21470f-14 > .kt-inside-inner-col:before{border-top-left-radius:0px;border-top-right-radius:0px;border-bottom-right-radius:0px;border-bottom-left-radius:0px;}.kadence-column812_21470f-14 > .kt-inside-inner-col{column-gap:var(--global-kb-gap-sm, 1rem);}.kadence-column812_21470f-14 > .kt-inside-inner-col{flex-direction:column;}.kadence-column812_21470f-14 > .kt-inside-inner-col > .aligncenter{width:100%;}.kadence-column812_21470f-14 > .kt-inside-inner-col:before{opacity:0.3;}.kadence-column812_21470f-14{position:relative;}@media all and (max-width: 1024px){.kadence-column812_21470f-14 > .kt-inside-inner-col{flex-direction:column;justify-content:center;}}@media all and (max-width: 767px){.kadence-column812_21470f-14 > .kt-inside-inner-col{flex-direction:column;justify-content:center;}}<\/style>\n<div class=\"wp-block-kadence-column kadence-column812_21470f-14\"><div class=\"kt-inside-inner-col\"><\/div><\/div>\n\n<\/div><\/div>","protected":false},"excerpt":{"rendered":"<p>Conditions g\u00e9n\u00e9rales de vente Le vendeurMELIACCESST\u00e9l\u00e9phone : 0690 86 05 17Email : meliaccess.resine@gmail.comLe client d\u00e9clare avoir pris connaissance des dispositions suivantes et de les accepter avant de passer sa commande. Les produitsLes descriptions et photographies des produits vendus en boutique et sur le site sont le plus exactes et le plus fid\u00e8les \u00e0 la r\u00e9alit\u00e9&#8230;<\/p>\n","protected":false},"author":1,"featured_media":0,"parent":0,"menu_order":0,"comment_status":"closed","ping_status":"closed","template":"","meta":{"_monsterinsights_skip_tracking":false,"_monsterinsights_sitenote_active":false,"_monsterinsights_sitenote_note":"","_monsterinsights_sitenote_category":0,"_kadence_starter_templates_imported_post":false,"_kad_post_transparent":"","_kad_post_title":"","_kad_post_layout":"","_kad_post_sidebar_id":"","_kad_post_content_style":"","_kad_post_vertical_padding":"","_kad_post_feature":"","_kad_post_feature_position":"","_kad_post_header":false,"_kad_post_footer":false,"footnotes":""},"class_list":["post-812","page","type-page","status-publish","hentry"],"_links":{"self":[{"href":"https:\/\/meli-access.com\/index.php\/wp-json\/wp\/v2\/pages\/812","targetHints":{"allow":["GET"]}}],"collection":[{"href":"https:\/\/meli-access.com\/index.php\/wp-json\/wp\/v2\/pages"}],"about":[{"href":"https:\/\/meli-access.com\/index.php\/wp-json\/wp\/v2\/types\/page"}],"author":[{"embeddable":true,"href":"https:\/\/meli-access.com\/index.php\/wp-json\/wp\/v2\/users\/1"}],"replies":[{"embeddable":true,"href":"https:\/\/meli-access.com\/index.php\/wp-json\/wp\/v2\/comments?post=812"}],"version-history":[{"count":6,"href":"https:\/\/meli-access.com\/index.php\/wp-json\/wp\/v2\/pages\/812\/revisions"}],"predecessor-version":[{"id":875,"href":"https:\/\/meli-access.com\/index.php\/wp-json\/wp\/v2\/pages\/812\/revisions\/875"}],"wp:attachment":[{"href":"https:\/\/meli-access.com\/index.php\/wp-json\/wp\/v2\/media?parent=812"}],"curies":[{"name":"wp","href":"https:\/\/api.w.org\/{rel}","templated":true}]}}