{"id":810,"date":"2024-01-19T09:55:15","date_gmt":"2024-01-19T08:55:15","guid":{"rendered":"https:\/\/meli-access.com\/?page_id=810"},"modified":"2024-07-17T18:53:41","modified_gmt":"2024-07-17T16:53:41","slug":"mentions-legales","status":"publish","type":"page","link":"https:\/\/meli-access.com\/index.php\/mentions-legales\/","title":{"rendered":"Mentions l\u00e9gales"},"content":{"rendered":"<style>.kb-row-layout-id810_2265df-27 > .kt-row-column-wrap{align-content:start;}:where(.kb-row-layout-id810_2265df-27 > .kt-row-column-wrap) > .wp-block-kadence-column{justify-content:start;}.kb-row-layout-id810_2265df-27 > .kt-row-column-wrap{column-gap:var(--global-kb-gap-md, 2rem);row-gap:var(--global-kb-gap-md, 2rem);padding-top:var(--global-kb-spacing-sm, 1.5rem);padding-bottom:var(--global-kb-spacing-sm, 1.5rem);grid-template-columns:minmax(0, 1fr);}.kb-row-layout-id810_2265df-27 > .kt-row-layout-overlay{opacity:0.30;}@media all and (max-width: 1024px){.kb-row-layout-id810_2265df-27 > .kt-row-column-wrap{grid-template-columns:minmax(0, 1fr);}}@media all and (max-width: 767px){.kb-row-layout-id810_2265df-27 > .kt-row-column-wrap{grid-template-columns:minmax(0, 1fr);}}<\/style><div class=\"kb-row-layout-wrap kb-row-layout-id810_2265df-27 alignnone wp-block-kadence-rowlayout\"><div class=\"kt-row-column-wrap kt-has-1-columns kt-row-layout-equal kt-tab-layout-inherit kt-mobile-layout-row kt-row-valign-top\">\n<style>.kadence-column810_1a16ee-df > .kt-inside-inner-col,.kadence-column810_1a16ee-df > .kt-inside-inner-col:before{border-top-left-radius:0px;border-top-right-radius:0px;border-bottom-right-radius:0px;border-bottom-left-radius:0px;}.kadence-column810_1a16ee-df > .kt-inside-inner-col{column-gap:var(--global-kb-gap-sm, 1rem);}.kadence-column810_1a16ee-df > .kt-inside-inner-col{flex-direction:column;}.kadence-column810_1a16ee-df > .kt-inside-inner-col > .aligncenter{width:100%;}.kadence-column810_1a16ee-df > .kt-inside-inner-col:before{opacity:0.3;}.kadence-column810_1a16ee-df{position:relative;}@media all and (max-width: 1024px){.kadence-column810_1a16ee-df > .kt-inside-inner-col{flex-direction:column;justify-content:center;}}@media all and (max-width: 767px){.kadence-column810_1a16ee-df > .kt-inside-inner-col{flex-direction:column;justify-content:center;}}<\/style>\n<div class=\"wp-block-kadence-column kadence-column810_1a16ee-df\"><div class=\"kt-inside-inner-col\">\n<h2 class=\"wp-block-heading has-text-align-center\">Mentions l\u00e9gales<\/h2>\n<\/div><\/div>\n\n<\/div><\/div>\n\n\n<p><strong>&nbsp;&nbsp;Conform\u00e9ment aux dispositions des articles 6-III et 19 de la loi pour la Confiance dans l&rsquo;\u00c9conomie Num\u00e9rique, nous vous informons que :<\/strong><\/p>\n\n\n\n<p>\u00a0 \u00a0<strong>meliaccess.com<\/strong>\u00a0est \u00e9dit\u00e9 par :<strong>\u00a0M\u00e9li-Access<\/strong><\/p>\n\n\n\n<p>\u00a0 \u00a0M\u00e9li-Access, Lamentin 97129.<\/p>\n\n\n\n<p>&nbsp;Email&nbsp;:&nbsp;meliaccess@meli-access-com<\/p>\n\n\n\n<p>Num\u00e9ro Siret : *** *** *** et num\u00e9ro TVA intracommunautaire :&nbsp;<strong>non-applicable<\/strong>.<\/p>\n\n\n\n<p>&nbsp; &nbsp;*** *** ***<\/p>\n\n\n\n<p>\u00a0 \u00a0Le directeur de publication du site web www.meliaccess.com est <strong>M\u00e9li-Access<\/strong>.\u00a0<\/p>\n\n\n\n<p><strong>&nbsp; H\u00e9bergement :<\/strong><\/p>\n\n\n\n<p>WordPress, Hostinger<\/p>\n","protected":false},"excerpt":{"rendered":"<p>Mentions l\u00e9gales &nbsp;&nbsp;Conform\u00e9ment aux dispositions des articles 6-III et 19 de la loi pour la Confiance dans l&rsquo;\u00c9conomie Num\u00e9rique, nous vous informons que : \u00a0 \u00a0meliaccess.com\u00a0est \u00e9dit\u00e9 par :\u00a0M\u00e9li-Access \u00a0 \u00a0M\u00e9li-Access, Lamentin 97129. &nbsp;Email&nbsp;:&nbsp;meliaccess@meli-access-com Num\u00e9ro Siret : *** *** *** et num\u00e9ro TVA intracommunautaire :&nbsp;non-applicable. &nbsp; &nbsp;*** *** *** \u00a0 \u00a0Le directeur de publication du&#8230;<\/p>\n","protected":false},"author":1,"featured_media":0,"parent":0,"menu_order":0,"comment_status":"closed","ping_status":"closed","template":"","meta":{"_monsterinsights_skip_tracking":false,"_monsterinsights_sitenote_active":false,"_monsterinsights_sitenote_note":"","_monsterinsights_sitenote_category":0,"_kadence_starter_templates_imported_post":false,"_kad_post_transparent":"","_kad_post_title":"","_kad_post_layout":"","_kad_post_sidebar_id":"","_kad_post_content_style":"","_kad_post_vertical_padding":"","_kad_post_feature":"","_kad_post_feature_position":"","_kad_post_header":false,"_kad_post_footer":false,"footnotes":""},"class_list":["post-810","page","type-page","status-publish","hentry"],"_links":{"self":[{"href":"https:\/\/meli-access.com\/index.php\/wp-json\/wp\/v2\/pages\/810","targetHints":{"allow":["GET"]}}],"collection":[{"href":"https:\/\/meli-access.com\/index.php\/wp-json\/wp\/v2\/pages"}],"about":[{"href":"https:\/\/meli-access.com\/index.php\/wp-json\/wp\/v2\/types\/page"}],"author":[{"embeddable":true,"href":"https:\/\/meli-access.com\/index.php\/wp-json\/wp\/v2\/users\/1"}],"replies":[{"embeddable":true,"href":"https:\/\/meli-access.com\/index.php\/wp-json\/wp\/v2\/comments?post=810"}],"version-history":[{"count":4,"href":"https:\/\/meli-access.com\/index.php\/wp-json\/wp\/v2\/pages\/810\/revisions"}],"predecessor-version":[{"id":1249,"href":"https:\/\/meli-access.com\/index.php\/wp-json\/wp\/v2\/pages\/810\/revisions\/1249"}],"wp:attachment":[{"href":"https:\/\/meli-access.com\/index.php\/wp-json\/wp\/v2\/media?parent=810"}],"curies":[{"name":"wp","href":"https:\/\/api.w.org\/{rel}","templated":true}]}}