{"id":115,"date":"2019-12-26T16:42:59","date_gmt":"2019-12-26T16:42:59","guid":{"rendered":"https:\/\/demos.kadencewp.com\/blocks-store\/?page_id=115"},"modified":"2024-01-19T11:52:47","modified_gmt":"2024-01-19T10:52:47","slug":"about","status":"publish","type":"page","link":"https:\/\/meli-access.com\/index.php\/about\/","title":{"rendered":"Un peu d&rsquo;histoire"},"content":{"rendered":"<style>.kb-row-layout-id115_179721-69 > .kt-row-column-wrap{align-content:start;}:where(.kb-row-layout-id115_179721-69 > .kt-row-column-wrap) > .wp-block-kadence-column{justify-content:start;}.kb-row-layout-id115_179721-69 > .kt-row-column-wrap{column-gap:var(--global-kb-gap-md, 2rem);row-gap:var(--global-kb-gap-md, 2rem);max-width:1200px;margin-left:auto;margin-right:auto;padding-top:100px;padding-right:25px;padding-bottom:100px;padding-left:25px;grid-template-columns:minmax(0, 1fr);}.kb-row-layout-id115_179721-69{background-image:url('http:\/\/meli-access.com\/wp-content\/uploads\/2024\/01\/AdobeStock_607284544_Preview.jpeg');background-size:cover;background-position:46% 46%;background-attachment:scroll;background-repeat:no-repeat;}.kb-row-layout-id115_179721-69 > .kt-row-layout-overlay{opacity:0.35;background-color:#000000;}.kb-row-layout-id115_179721-69 ,.kb-row-layout-id115_179721-69 h1,.kb-row-layout-id115_179721-69 h2,.kb-row-layout-id115_179721-69 h3,.kb-row-layout-id115_179721-69 h4,.kb-row-layout-id115_179721-69 h5,.kb-row-layout-id115_179721-69 h6{color:#ffffff;}@media all and (max-width: 1024px){.kb-row-layout-id115_179721-69 > .kt-row-column-wrap{grid-template-columns:minmax(0, 1fr);}}@media all and (max-width: 767px){.kb-row-layout-id115_179721-69 > .kt-row-column-wrap{grid-template-columns:minmax(0, 1fr);}}<\/style><div class=\"kb-row-layout-wrap kb-row-layout-id115_179721-69 alignfull kt-row-has-bg wp-block-kadence-rowlayout\"><div class=\"kt-row-layout-overlay kt-row-overlay-normal\"><\/div><div class=\"kt-row-column-wrap kt-has-1-columns kt-row-layout-equal kt-tab-layout-inherit kt-mobile-layout-row kt-row-valign-top\">\n<style>.kadence-column115_132d81-f0 > .kt-inside-inner-col,.kadence-column115_132d81-f0 > .kt-inside-inner-col:before{border-top-left-radius:0px;border-top-right-radius:0px;border-bottom-right-radius:0px;border-bottom-left-radius:0px;}.kadence-column115_132d81-f0 > .kt-inside-inner-col{column-gap:var(--global-kb-gap-sm, 1rem);}.kadence-column115_132d81-f0 > .kt-inside-inner-col{flex-direction:column;}.kadence-column115_132d81-f0 > .kt-inside-inner-col > .aligncenter{width:100%;}.kadence-column115_132d81-f0 > .kt-inside-inner-col:before{opacity:0.3;}.kadence-column115_132d81-f0{position:relative;}@media all and (max-width: 1024px){.kadence-column115_132d81-f0 > .kt-inside-inner-col{flex-direction:column;justify-content:center;}}@media all and (max-width: 767px){.kadence-column115_132d81-f0 > .kt-inside-inner-col{flex-direction:column;justify-content:center;}}<\/style>\n<div class=\"wp-block-kadence-column kadence-column115_132d81-f0 inner-column-1\"><div class=\"kt-inside-inner-col\"><style>.wp-block-kadence-advancedheading.kt-adv-heading115_8867c1-97, .wp-block-kadence-advancedheading.kt-adv-heading115_8867c1-97[data-kb-block=\"kb-adv-heading115_8867c1-97\"]{margin-bottom:40px;text-align:center;font-size:50px;font-weight:normal;font-style:normal;text-transform:none;}.wp-block-kadence-advancedheading.kt-adv-heading115_8867c1-97 mark.kt-highlight, .wp-block-kadence-advancedheading.kt-adv-heading115_8867c1-97[data-kb-block=\"kb-adv-heading115_8867c1-97\"] mark.kt-highlight{font-weight:normal;font-style:normal;color:#f76a0c;-webkit-box-decoration-break:clone;box-decoration-break:clone;padding-top:0px;padding-right:0px;padding-bottom:0px;padding-left:0px;}.wp-block-kadence-advancedheading.kt-adv-heading115_8867c1-97 img.kb-inline-image, .wp-block-kadence-advancedheading.kt-adv-heading115_8867c1-97[data-kb-block=\"kb-adv-heading115_8867c1-97\"] img.kb-inline-image{width:150px;vertical-align:baseline;}<\/style>\n<h1 class=\"kt-adv-heading115_8867c1-97 wp-block-kadence-advancedheading\" data-kb-block=\"kb-adv-heading115_8867c1-97\">Un peu d&rsquo;histoire<\/h1>\n<\/div><\/div>\n\n<\/div><\/div>\n\n<style>.kb-row-layout-id115_992053-e5 > .kt-row-column-wrap{align-content:start;}:where(.kb-row-layout-id115_992053-e5 > .kt-row-column-wrap) > .wp-block-kadence-column{justify-content:start;}.kb-row-layout-id115_992053-e5 > .kt-row-column-wrap{column-gap:var(--global-kb-gap-md, 2rem);row-gap:var(--global-kb-gap-md, 2rem);max-width:700px;margin-left:auto;margin-right:auto;padding-top:60px;padding-right:25px;padding-bottom:17px;padding-left:25px;grid-template-columns:minmax(0, 1fr);}.kb-row-layout-id115_992053-e5 > .kt-row-layout-overlay{opacity:0.30;}@media all and (max-width: 1024px){.kb-row-layout-id115_992053-e5 > .kt-row-column-wrap{grid-template-columns:minmax(0, 1fr);}}@media all and (max-width: 767px){.kb-row-layout-id115_992053-e5 > .kt-row-column-wrap{grid-template-columns:minmax(0, 1fr);}}<\/style><div class=\"kb-row-layout-wrap kb-row-layout-id115_992053-e5 alignnone wp-block-kadence-rowlayout\"><div class=\"kt-row-column-wrap kt-has-1-columns kt-row-layout-equal kt-tab-layout-inherit kt-mobile-layout-row kt-row-valign-top\">\n<style>.kadence-column115_44741a-ea > .kt-inside-inner-col,.kadence-column115_44741a-ea > .kt-inside-inner-col:before{border-top-left-radius:0px;border-top-right-radius:0px;border-bottom-right-radius:0px;border-bottom-left-radius:0px;}.kadence-column115_44741a-ea > .kt-inside-inner-col{column-gap:var(--global-kb-gap-sm, 1rem);}.kadence-column115_44741a-ea > .kt-inside-inner-col{flex-direction:column;}.kadence-column115_44741a-ea > .kt-inside-inner-col > .aligncenter{width:100%;}.kadence-column115_44741a-ea > .kt-inside-inner-col:before{opacity:0.3;}.kadence-column115_44741a-ea{position:relative;}@media all and (max-width: 1024px){.kadence-column115_44741a-ea > .kt-inside-inner-col{flex-direction:column;justify-content:center;}}@media all and (max-width: 767px){.kadence-column115_44741a-ea > .kt-inside-inner-col{flex-direction:column;justify-content:center;}}<\/style>\n<div class=\"wp-block-kadence-column kadence-column115_44741a-ea inner-column-1\"><div class=\"kt-inside-inner-col\">\n<p class=\"has-text-align-left\" style=\"font-size:20px\"><strong>M\u00e9liaccess a vu le jour en Novembre 2023. Cette date marque une nouvelle \u00e9tape dans ma vie.<\/strong><\/p>\n\n\n\n<p class=\"has-text-align-left\">De nature patiente et calme, j&rsquo;appr\u00e9cie beaucoup le travail artisanale, le fait main en somme. Ce proc\u00e9d\u00e9 cr\u00e9atif a ce qu&rsquo;aucune machine ne peut transmettre \u00e0 savoir l&rsquo;envie et l&rsquo;\u00e9motion  derri\u00e8res chaque cr\u00e9ation. Chacune d&rsquo;elles ont une histoire a racont\u00e9. <\/p>\n\n\n\n<p class=\"has-text-align-left\">J&rsquo;ai d\u00e9but\u00e9 par la r\u00e9alisation de v\u00eatements au crochet&nbsp; et un beau jour apr\u00e8s des travaux chez un membre de ma famille j&rsquo;ai d\u00e9couvert la r\u00e9sine \u00e9poxy. Je me suis inform\u00e9 et j&rsquo;ai r\u00e9alis\u00e9 le potentiel cr\u00e9atif qui pouvait d\u00e9couler de cette mati\u00e8re. C&rsquo;est ainsi que j&rsquo;ai commenc\u00e9 mes premiers essaie, j&rsquo;ai trouv\u00e9 tr\u00e8s plaisant la mani\u00e8re dont mon imagination pouvait librement s&rsquo;exprimer , et refl\u00e9ter mes \u00e9motions \u00e0 travers mes cr\u00e9ations. La possibilit\u00e9 d&rsquo;inclure d&rsquo;autres mat\u00e9riaux \u00e0 la r\u00e9sine tels que des coquillages , du sable, du bois, donnent lieu \u00e0 un large champs de personnalisation. Il en est de m\u00eame pour la coloration avec la possibilit\u00e9 d&rsquo;utiliser des pigments m\u00e9talliques , mat , des couleurs pastels ou encore des paillettes etc.<\/p>\n\n\n\n<p>C&rsquo;est devenu plus qu&rsquo;une passion, c&rsquo;est avec beaucoup d&rsquo;amour et de minutie que je confectionne mes objets (bijoux, accessoires, d\u00e9cors etc.) en r\u00e9sine avec des appr\u00eats en acier inoxydable pour certains. C&rsquo;est&nbsp; avec un r\u00e9el plaisir que je vous laisse le soin de faire la d\u00e9couverte de mes cr\u00e9ations pass\u00e9es et futures et de vous laissez embarquer dans mon univers.<\/p>\n\n\n\n<p>Bienvenue donc \u00e0 toutes et tous.<\/p>\n\n\n\n<p><\/p>\n\n\n\n<p><\/p>\n\n\n\n<p><\/p>\n\n\n\n<p><\/p>\n\n\n\n<p>&nbsp;<\/p>\n<\/div><\/div>\n\n<\/div><\/div>\n\n<style>.kb-row-layout-id115_8a622f-15 > .kt-row-column-wrap{align-content:start;}:where(.kb-row-layout-id115_8a622f-15 > .kt-row-column-wrap) > .wp-block-kadence-column{justify-content:start;}.kb-row-layout-id115_8a622f-15 > .kt-row-column-wrap{column-gap:var(--global-kb-gap-md, 2rem);row-gap:var(--global-kb-gap-md, 2rem);max-width:1200px;margin-left:auto;margin-right:auto;padding-top:23px;padding-right:25px;padding-bottom:19px;padding-left:25px;grid-template-columns:minmax(0, 1fr);}.kb-row-layout-id115_8a622f-15 > .kt-row-layout-overlay{opacity:0.30;}@media all and (max-width: 1024px){.kb-row-layout-id115_8a622f-15 > .kt-row-column-wrap{grid-template-columns:minmax(0, 1fr);}}@media all and (max-width: 767px){.kb-row-layout-id115_8a622f-15 > .kt-row-column-wrap{grid-template-columns:minmax(0, 1fr);}}<\/style><div class=\"kb-row-layout-wrap kb-row-layout-id115_8a622f-15 alignfull wp-block-kadence-rowlayout\"><div class=\"kt-row-column-wrap kt-has-1-columns kt-row-layout-equal kt-tab-layout-inherit kt-mobile-layout-row kt-row-valign-top\">\n<style>.kadence-column115_baebc6-b5 > .kt-inside-inner-col,.kadence-column115_baebc6-b5 > .kt-inside-inner-col:before{border-top-left-radius:0px;border-top-right-radius:0px;border-bottom-right-radius:0px;border-bottom-left-radius:0px;}.kadence-column115_baebc6-b5 > .kt-inside-inner-col{column-gap:var(--global-kb-gap-sm, 1rem);}.kadence-column115_baebc6-b5 > .kt-inside-inner-col{flex-direction:column;}.kadence-column115_baebc6-b5 > .kt-inside-inner-col > .aligncenter{width:100%;}.kadence-column115_baebc6-b5 > .kt-inside-inner-col:before{opacity:0.3;}.kadence-column115_baebc6-b5{position:relative;}@media all and (max-width: 1024px){.kadence-column115_baebc6-b5 > .kt-inside-inner-col{flex-direction:column;justify-content:center;}}@media all and (max-width: 767px){.kadence-column115_baebc6-b5 > .kt-inside-inner-col{flex-direction:column;justify-content:center;}}<\/style>\n<div class=\"wp-block-kadence-column kadence-column115_baebc6-b5\"><div class=\"kt-inside-inner-col\"><\/div><\/div>\n\n<\/div><\/div>\n\n<style>.kb-row-layout-id115_16d1b2-11 > .kt-row-column-wrap{align-content:start;}:where(.kb-row-layout-id115_16d1b2-11 > .kt-row-column-wrap) > .wp-block-kadence-column{justify-content:start;}.kb-row-layout-id115_16d1b2-11 > .kt-row-column-wrap{column-gap:var(--global-kb-gap-md, 2rem);row-gap:var(--global-kb-gap-md, 2rem);padding-top:150px;padding-right:25px;padding-bottom:150px;padding-left:25px;grid-template-columns:minmax(0, 1fr);}.kb-row-layout-id115_16d1b2-11{background-image:url('http:\/\/meli-access.com\/wp-content\/uploads\/2024\/01\/fond-encre-liquide-palette-bleue-stries-dorees-scaled.jpg');background-size:cover;background-position:center center;background-attachment:scroll;background-repeat:no-repeat;}.kb-row-layout-id115_16d1b2-11 > .kt-row-layout-overlay{opacity:0.40;background-color:#000000;}.kb-row-layout-id115_16d1b2-11 ,.kb-row-layout-id115_16d1b2-11 h1,.kb-row-layout-id115_16d1b2-11 h2,.kb-row-layout-id115_16d1b2-11 h3,.kb-row-layout-id115_16d1b2-11 h4,.kb-row-layout-id115_16d1b2-11 h5,.kb-row-layout-id115_16d1b2-11 h6{color:#ffffff;}@media all and (max-width: 1024px){.kb-row-layout-id115_16d1b2-11 > .kt-row-column-wrap{grid-template-columns:minmax(0, 1fr);}}@media all and (max-width: 767px){.kb-row-layout-id115_16d1b2-11 > .kt-row-column-wrap{grid-template-columns:minmax(0, 1fr);}}<\/style><div class=\"kb-row-layout-wrap kb-row-layout-id115_16d1b2-11 alignfull kt-row-has-bg wp-block-kadence-rowlayout\"><div class=\"kt-row-layout-overlay kt-row-overlay-normal\"><\/div><div class=\"kt-row-column-wrap kt-has-1-columns kt-row-layout-equal kt-tab-layout-inherit kt-mobile-layout-row kt-row-valign-top\">\n<style>.kadence-column115_c9b15f-ba > .kt-inside-inner-col,.kadence-column115_c9b15f-ba > .kt-inside-inner-col:before{border-top-left-radius:0px;border-top-right-radius:0px;border-bottom-right-radius:0px;border-bottom-left-radius:0px;}.kadence-column115_c9b15f-ba > .kt-inside-inner-col{column-gap:var(--global-kb-gap-sm, 1rem);}.kadence-column115_c9b15f-ba > .kt-inside-inner-col{flex-direction:column;}.kadence-column115_c9b15f-ba > .kt-inside-inner-col > .aligncenter{width:100%;}.kadence-column115_c9b15f-ba > .kt-inside-inner-col:before{opacity:0.3;}.kadence-column115_c9b15f-ba{position:relative;}@media all and (max-width: 1024px){.kadence-column115_c9b15f-ba > .kt-inside-inner-col{flex-direction:column;justify-content:center;}}@media all and (max-width: 767px){.kadence-column115_c9b15f-ba > .kt-inside-inner-col{flex-direction:column;justify-content:center;}}<\/style>\n<div class=\"wp-block-kadence-column kadence-column115_c9b15f-ba inner-column-1\"><div class=\"kt-inside-inner-col\"><style>.wp-block-kadence-advancedheading.kt-adv-heading115_388971-df, .wp-block-kadence-advancedheading.kt-adv-heading115_388971-df[data-kb-block=\"kb-adv-heading115_388971-df\"]{margin-bottom:40px;text-align:center;font-size:50px;font-weight:normal;font-style:normal;text-transform:none;}.wp-block-kadence-advancedheading.kt-adv-heading115_388971-df mark.kt-highlight, .wp-block-kadence-advancedheading.kt-adv-heading115_388971-df[data-kb-block=\"kb-adv-heading115_388971-df\"] mark.kt-highlight{font-weight:normal;font-style:normal;color:#f76a0c;-webkit-box-decoration-break:clone;box-decoration-break:clone;padding-top:0px;padding-right:0px;padding-bottom:0px;padding-left:0px;}.wp-block-kadence-advancedheading.kt-adv-heading115_388971-df img.kb-inline-image, .wp-block-kadence-advancedheading.kt-adv-heading115_388971-df[data-kb-block=\"kb-adv-heading115_388971-df\"] img.kb-inline-image{width:150px;vertical-align:baseline;}<\/style>\n<h2 class=\"kt-adv-heading115_388971-df wp-block-kadence-advancedheading\" data-kb-block=\"kb-adv-heading115_388971-df\">Parlons ensemble !<\/h2>\n<\/div><\/div>\n\n<\/div><\/div>","protected":false},"excerpt":{"rendered":"<p>Un peu d&rsquo;histoire M\u00e9liaccess a vu le jour en Novembre 2023. Cette date marque une nouvelle \u00e9tape dans ma vie. De nature patiente et calme, j&rsquo;appr\u00e9cie beaucoup le travail artisanale, le fait main en somme. Ce proc\u00e9d\u00e9 cr\u00e9atif a ce qu&rsquo;aucune machine ne peut transmettre \u00e0 savoir l&rsquo;envie et l&rsquo;\u00e9motion derri\u00e8res chaque cr\u00e9ation. Chacune d&rsquo;elles&#8230;<\/p>\n","protected":false},"author":1,"featured_media":0,"parent":0,"menu_order":0,"comment_status":"closed","ping_status":"closed","template":"","meta":{"_monsterinsights_skip_tracking":false,"_monsterinsights_sitenote_active":false,"_monsterinsights_sitenote_note":"","_monsterinsights_sitenote_category":0,"_kadence_starter_templates_imported_post":true,"_kad_post_transparent":"","_kad_post_title":"","_kad_post_layout":"","_kad_post_sidebar_id":"","_kad_post_content_style":"unboxed","_kad_post_vertical_padding":"","_kad_post_feature":"","_kad_post_feature_position":"","_kad_post_header":false,"_kad_post_footer":false,"footnotes":""},"class_list":["post-115","page","type-page","status-publish","hentry"],"_links":{"self":[{"href":"https:\/\/meli-access.com\/index.php\/wp-json\/wp\/v2\/pages\/115","targetHints":{"allow":["GET"]}}],"collection":[{"href":"https:\/\/meli-access.com\/index.php\/wp-json\/wp\/v2\/pages"}],"about":[{"href":"https:\/\/meli-access.com\/index.php\/wp-json\/wp\/v2\/types\/page"}],"author":[{"embeddable":true,"href":"https:\/\/meli-access.com\/index.php\/wp-json\/wp\/v2\/users\/1"}],"replies":[{"embeddable":true,"href":"https:\/\/meli-access.com\/index.php\/wp-json\/wp\/v2\/comments?post=115"}],"version-history":[{"count":23,"href":"https:\/\/meli-access.com\/index.php\/wp-json\/wp\/v2\/pages\/115\/revisions"}],"predecessor-version":[{"id":870,"href":"https:\/\/meli-access.com\/index.php\/wp-json\/wp\/v2\/pages\/115\/revisions\/870"}],"wp:attachment":[{"href":"https:\/\/meli-access.com\/index.php\/wp-json\/wp\/v2\/media?parent=115"}],"curies":[{"name":"wp","href":"https:\/\/api.w.org\/{rel}","templated":true}]}}