{"id":10,"date":"2024-01-19T12:12:32","date_gmt":"2024-01-19T11:12:32","guid":{"rendered":"http:\/\/meli-access.com\/?page_id=10"},"modified":"2024-01-19T12:12:32","modified_gmt":"2024-01-19T11:12:32","slug":"refund_returns","status":"publish","type":"page","link":"https:\/\/meli-access.com\/index.php\/refund_returns\/","title":{"rendered":"Retour et remboursement"},"content":{"rendered":"<style>.kb-row-layout-id10_25c301-50 > .kt-row-column-wrap{align-content:start;}:where(.kb-row-layout-id10_25c301-50 > .kt-row-column-wrap) > .wp-block-kadence-column{justify-content:start;}.kb-row-layout-id10_25c301-50 > .kt-row-column-wrap{column-gap:var(--global-kb-gap-md, 2rem);row-gap:var(--global-kb-gap-md, 2rem);padding-top:var(--global-kb-spacing-sm, 1.5rem);padding-bottom:var(--global-kb-spacing-sm, 1.5rem);grid-template-columns:minmax(0, 1fr);}.kb-row-layout-id10_25c301-50 > .kt-row-layout-overlay{opacity:0.30;}@media all and (max-width: 1024px){.kb-row-layout-id10_25c301-50 > .kt-row-column-wrap{grid-template-columns:minmax(0, 1fr);}}@media all and (max-width: 767px){.kb-row-layout-id10_25c301-50 > .kt-row-column-wrap{grid-template-columns:minmax(0, 1fr);}}<\/style><div class=\"kb-row-layout-wrap kb-row-layout-id10_25c301-50 alignnone wp-block-kadence-rowlayout\"><div class=\"kt-row-column-wrap kt-has-1-columns kt-row-layout-equal kt-tab-layout-inherit kt-mobile-layout-row kt-row-valign-top\">\n<style>.kadence-column10_8f28b9-55 > .kt-inside-inner-col,.kadence-column10_8f28b9-55 > .kt-inside-inner-col:before{border-top-left-radius:0px;border-top-right-radius:0px;border-bottom-right-radius:0px;border-bottom-left-radius:0px;}.kadence-column10_8f28b9-55 > .kt-inside-inner-col{column-gap:var(--global-kb-gap-sm, 1rem);}.kadence-column10_8f28b9-55 > .kt-inside-inner-col{flex-direction:column;}.kadence-column10_8f28b9-55 > .kt-inside-inner-col > .aligncenter{width:100%;}.kadence-column10_8f28b9-55 > .kt-inside-inner-col:before{opacity:0.3;}.kadence-column10_8f28b9-55{position:relative;}@media all and (max-width: 1024px){.kadence-column10_8f28b9-55 > .kt-inside-inner-col{flex-direction:column;justify-content:center;}}@media all and (max-width: 767px){.kadence-column10_8f28b9-55 > .kt-inside-inner-col{flex-direction:column;justify-content:center;}}<\/style>\n<div class=\"wp-block-kadence-column kadence-column10_8f28b9-55\"><div class=\"kt-inside-inner-col\">\n<h2 class=\"wp-block-heading has-text-align-center\">Retours &amp; Remboursements<\/h2>\n<\/div><\/div>\n\n<\/div><\/div>\n\n\n<p><strong>Droit de r\u00e9tractation<\/strong><br>L\u2019acheteur, lorsqu\u2019il est consommateur ou non professionnel dispose d\u2019un d\u00e9lai de<br>14 jour franc pour exercer son droit de r\u00e9tractation sans avoir \u00e0 justifier de motif ni \u00e0<br>payer de p\u00e9nalit\u00e9s (\u00e0 l\u2019exception des articles personnalis\u00e9s ou \u2018sur mesure\u2019).<br>Ce d\u00e9lai court \u00e0 compter du jour de la r\u00e9ception de la commande.<br>Les marchandises renvoy\u00e9es doivent l\u2019\u00eatre dans l\u2019\u00e9tat o\u00f9 le vendeur les a faites livrer<br>et dans son emballage d\u2019origine.<br>Si les conditions susmentionn\u00e9es sont remplies, l\u2019acheteur sera rembours\u00e9, \u00e0<br>l\u2019exception des frais de retour qui restent \u00e0 la charge de l\u2019acheteur, dans un d\u00e9lai de<br>trente (30) jour maximum \u00e0 compter de la r\u00e9ception du colis par le vendeur.<\/p>\n\n\n\n<p><strong>Modalit\u00e9s de Retour<\/strong><br>Les marchandises renvoy\u00e9es doivent l\u2019\u00eatre dans l\u2019\u00e9tat o\u00f9 le fournisseur les a livr\u00e9es<br>et retourn\u00e9es avec un mode d\u2019exp\u00e9dition comportant un num\u00e9ro de suivi (preuve du retour). Nous recommandons la lettre suivie qui prot\u00e8ge bien les bijoux et permet de suivre l\u2019acheminement du paquet.<\/p>\n\n\n\n<p><strong>D\u00e9fectuosit\u00e9 d\u2019un article<\/strong><br>Dans le cas o\u00f9 le colis serait endommag\u00e9 \u00e0 la livraison, le Client doit v\u00e9rifier l\u2019\u00e9tat des produits ou des bijoux fantaisie de sa commande et signaler aupr\u00e8s de l\u2019achemineur (la Poste ou autre) toute r\u00e9serve en cas d\u2019article manquant ou endommag\u00e9.<\/p>\n\n\n\n<p><\/p>\n","protected":false},"excerpt":{"rendered":"<p>Retours &amp; Remboursements Droit de r\u00e9tractationL\u2019acheteur, lorsqu\u2019il est consommateur ou non professionnel dispose d\u2019un d\u00e9lai de14 jour franc pour exercer son droit de r\u00e9tractation sans avoir \u00e0 justifier de motif ni \u00e0payer de p\u00e9nalit\u00e9s (\u00e0 l\u2019exception des articles personnalis\u00e9s ou \u2018sur mesure\u2019).Ce d\u00e9lai court \u00e0 compter du jour de la r\u00e9ception de la commande.Les marchandises&#8230;<\/p>\n","protected":false},"author":1,"featured_media":0,"parent":0,"menu_order":0,"comment_status":"closed","ping_status":"closed","template":"","meta":{"_monsterinsights_skip_tracking":false,"_monsterinsights_sitenote_active":false,"_monsterinsights_sitenote_note":"","_monsterinsights_sitenote_category":0,"_kadence_starter_templates_imported_post":false,"_kad_post_transparent":"","_kad_post_title":"","_kad_post_layout":"","_kad_post_sidebar_id":"","_kad_post_content_style":"","_kad_post_vertical_padding":"","_kad_post_feature":"","_kad_post_feature_position":"","_kad_post_header":false,"_kad_post_footer":false,"footnotes":""},"class_list":["post-10","page","type-page","status-publish","hentry"],"_links":{"self":[{"href":"https:\/\/meli-access.com\/index.php\/wp-json\/wp\/v2\/pages\/10","targetHints":{"allow":["GET"]}}],"collection":[{"href":"https:\/\/meli-access.com\/index.php\/wp-json\/wp\/v2\/pages"}],"about":[{"href":"https:\/\/meli-access.com\/index.php\/wp-json\/wp\/v2\/types\/page"}],"author":[{"embeddable":true,"href":"https:\/\/meli-access.com\/index.php\/wp-json\/wp\/v2\/users\/1"}],"replies":[{"embeddable":true,"href":"https:\/\/meli-access.com\/index.php\/wp-json\/wp\/v2\/comments?post=10"}],"version-history":[{"count":1,"href":"https:\/\/meli-access.com\/index.php\/wp-json\/wp\/v2\/pages\/10\/revisions"}],"predecessor-version":[{"id":876,"href":"https:\/\/meli-access.com\/index.php\/wp-json\/wp\/v2\/pages\/10\/revisions\/876"}],"wp:attachment":[{"href":"https:\/\/meli-access.com\/index.php\/wp-json\/wp\/v2\/media?parent=10"}],"curies":[{"name":"wp","href":"https:\/\/api.w.org\/{rel}","templated":true}]}}